{"id":10299,"date":"2024-11-05T12:29:08","date_gmt":"2024-11-05T12:29:08","guid":{"rendered":"https:\/\/capacitacionhospitaldechillan.cl\/home\/?post_type=product&#038;p=10299"},"modified":"2024-11-21T12:11:24","modified_gmt":"2024-11-21T12:11:24","slug":"5102-iii-jornada-de-prevencion-de-lesiones-por-presion-de-piel-y-mucosa","status":"publish","type":"product","link":"https:\/\/capacitacionhospitaldechillan.cl\/home\/producto\/5102-iii-jornada-de-prevencion-de-lesiones-por-presion-de-piel-y-mucosa\/","title":{"rendered":"5102- III Jornada de Prevenci\u00f3n de Lesiones por Presi\u00f3n, de Piel y Mucosa"},"content":{"rendered":"<div class=\"wpb_text_column\"><div class=\"wpb_wrapper\"><table id=\"tabla-contenido\" class=\"default\">\n<tbody>\n<tr>\n<td><strong>Objetivo de Aprendizaje<\/strong><\/td>\n<td>Adquirir conocimientos y desarrollo de habilidades pr\u00e1cticas y actitudes responsables en el manejo de lesiones por presi\u00f3n (LPP)<\/td>\n<\/tr>\n<tr>\n<td><strong>Contenidos<\/strong><\/td>\n<td>\n<table style=\"height: 187px;\" width=\"594\">\n<tbody>\n<tr>\n<td>\n<ul>\n<li>Impacto de la implementaci\u00f3n de la GBP prevenci\u00f3n de lesiones de piel.<\/li>\n<li>Patolog\u00eda oral.<\/li>\n<li>Patolog\u00eda oral en el usuario adulto mayor.<\/li>\n<li>Rehabilitaci\u00f3n en el paciente con lesi\u00f3n medular.<\/li>\n<li>Manejo m\u00e9dico en el paciente con LPP en estadio IV.<\/li>\n<li>Responsabilidad legal frente al usuario con lesi\u00f3n por presi\u00f3n.<\/li>\n<li>Actualizaci\u00f3n en la prevenci\u00f3n de las lesiones por presi\u00f3n.<\/li>\n<li>Rol del fonoaudi\u00f3logo en la prevenci\u00f3n y manejo de las lesiones de mucosa oral.<\/li>\n<li>Rol del kinesi\u00f3logo en la prevenci\u00f3n y manejo de las lesiones por presi\u00f3n.<\/li>\n<li>Rol del terapeuta ocupacional en la prevenci\u00f3n y manejo de las lesiones por presi\u00f3n.<\/li>\n<li>Rol de nutricionista en la prevenci\u00f3n y manejo de las lesiones por presi\u00f3n.<\/li>\n<\/ul>\n<\/td>\n<\/tr>\n<\/tbody>\n<\/table>\n<\/td>\n<\/tr>\n<tr>\n<td><strong>Sistema de Evaluaci\u00f3n<\/strong><\/td>\n<td>\n<p style=\"text-align: justify;\"><strong>Evaluaci\u00f3n de Satisfacci\u00f3n o Reacci\u00f3n:<\/strong> La encuesta de satisfacci\u00f3n o reacci\u00f3n se realiza al t\u00e9rmino de la actividad, esta encuesta permitir\u00e1 medir la satisfacci\u00f3n de los participantes y la mejora continua.<\/p>\n<p><strong>Evaluaci\u00f3n de Aprendizaje:<\/strong> La capacitaci\u00f3n cuenta con una evaluaci\u00f3n final.<\/p>\n<p>&nbsp;<\/td>\n<\/tr>\n<tr>\n<td><strong>Certificaci\u00f3n<\/strong><\/td>\n<td style=\"text-align: justify;\">La actividad ser\u00e1 certificada por la Secci\u00f3n Capacitaci\u00f3n del Hospital Cl\u00ednico Herminda Mart\u00edn, cuyo certificado podr\u00e1 ser obtenido directamente desde plataforma institucional.<\/td>\n<\/tr>\n<tr>\n<td><strong>Oferente<\/strong><\/td>\n<td>Carla rivera Torres \/ coordinadora del programa<\/td>\n<\/tr>\n<tr>\n<td><strong>Consideraciones Generales<\/strong><\/td>\n<td>\n<ul>\n<li>El proceso de selecci\u00f3n y publicaci\u00f3n de los participantes se efectuar\u00e1 en la siguiente:<\/li>\n<\/ul>\n<p><strong style=\"text-align: center; font-family: inherit; font-size: inherit;\">\u00a0 \u00a0 \u00a0 \u00a0 \u00a0 \u00a0 \u00a0 \u00a0 \u00a0 \u00a0 \u00a0 \u00a0 \u00a0 \u00a0 \u00a0 \u00a0 \u00a0 \u00a0 \u00a0 \u00a0 \u00a0 \u00a0 \u00a0 \u00a0 \u00a0 \u00a0Viernes<\/strong><strong style=\"text-align: center; font-family: inherit; font-size: inherit;\"> 15 de noviembre 2024.<\/strong><\/p>\n<p>&nbsp;<\/p>\n<p><strong>Selecci\u00f3n de participantes:<\/strong><\/p>\n<ul>\n<li>Calidad contractual por priorizaci\u00f3n:\n<ul>\n<li><strong>1- Titulares<\/strong><\/li>\n<li><strong>2- Contrata<\/strong><\/li>\n<li><strong>3- Honorarios<\/strong><\/li>\n<li><strong>4- Contrato Transitorio<\/strong><\/li>\n<\/ul>\n<\/li>\n<\/ul>\n<p style=\"text-align: center;\">\n<\/td>\n<\/tr>\n<\/tbody>\n<\/table>\n<\/div><\/div>\n","protected":false},"excerpt":{"rendered":"<p>&nbsp;<\/p>\n<table class=\"default\">\n<tbody>\n<tr>\n<td><strong>Duraci\u00f3n<\/strong><\/td>\n<td>\u00a020 horas pedag\u00f3gicas, equivalente a 15 horas cronol\u00f3gicas.<\/td>\n<\/tr>\n<tr>\n<td><strong>Fecha de inicio<\/strong><\/td>\n<td>20-11-2024<\/td>\n<\/tr>\n<tr>\n<td><strong>Fecha de t\u00e9rmino<\/strong><\/td>\n<td>20-11-2024<\/td>\n<\/tr>\n<tr>\n<td><strong>Modalidad<\/strong><\/td>\n<td>100% presencial.<\/td>\n<\/tr>\n<tr>\n<td><strong>Fechas de Presencialidad y\/o Conectividad<\/strong><\/td>\n<td>20\/11\/2024<\/td>\n<\/tr>\n<tr>\n<td><b>Lugar de presencialidad<\/b><\/td>\n<td>Aula magna de la UBB, sede Fernando May.<\/td>\n<\/tr>\n<tr>\n<td><strong>N\u00b0 Cupos<\/strong><\/td>\n<td>100 cupos disponibles.<\/td>\n<\/tr>\n<tr>\n<td><strong>Perfil de Participante<\/strong><\/td>\n<td>Dirigido a <span data-olk-copy-source=\"MessageBody\">personal m\u00e9dico, profesional (enfermeros\/as, matrones\/as, kinesi\u00f3logos, fonoaudi\u00f3logos, terapeuta ocupacional, nutricionistas) y t\u00e9cnicos de \u00e1reas cl\u00ednicas que realicen atenci\u00f3n a usuarios en riesgo de presentar lesiones por presi\u00f3n, piel y mucosas.<\/span><\/td>\n<\/tr>\n<tr>\n<td><strong>Plazo de Postulaci\u00f3n<\/strong><\/td>\n<td>14-11-2024<\/td>\n<\/tr>\n<\/tbody>\n<\/table>\n<div style=\"text-align: center\" class=\"seleccionados\">\n<button class=\"btn-seleccionados\" onclick=\"window.modal1.showModal();\">VER SELECCIONADOS<\/button><\/p>\n<p><dialog id=\"modal1\"><\/p>\n<h3 style=\"text-align: center\">SELECCIONADOS<\/h3>\n<div class=\"seleccionados\">[table id=70 \/]<\/div>\n<p>   <button class=\"btn-cerrar\" onclick=\"window.modal1.close();\">Cerrar<\/button><br \/>\n<\/dialog>\n<\/div>\n","protected":false},"featured_media":10300,"template":"","meta":{"_acf_changed":false},"product_brand":[],"product_cat":[116],"product_tag":[],"class_list":{"0":"post-10299","1":"product","2":"type-product","3":"status-publish","4":"has-post-thumbnail","6":"product_cat-extra-pac","8":"first","9":"outofstock","10":"shipping-taxable","11":"purchasable","12":"product-type-simple"},"acf":[],"_links":{"self":[{"href":"https:\/\/capacitacionhospitaldechillan.cl\/home\/wp-json\/wp\/v2\/product\/10299","targetHints":{"allow":["GET"]}}],"collection":[{"href":"https:\/\/capacitacionhospitaldechillan.cl\/home\/wp-json\/wp\/v2\/product"}],"about":[{"href":"https:\/\/capacitacionhospitaldechillan.cl\/home\/wp-json\/wp\/v2\/types\/product"}],"wp:featuredmedia":[{"embeddable":true,"href":"https:\/\/capacitacionhospitaldechillan.cl\/home\/wp-json\/wp\/v2\/media\/10300"}],"wp:attachment":[{"href":"https:\/\/capacitacionhospitaldechillan.cl\/home\/wp-json\/wp\/v2\/media?parent=10299"}],"wp:term":[{"taxonomy":"product_brand","embeddable":true,"href":"https:\/\/capacitacionhospitaldechillan.cl\/home\/wp-json\/wp\/v2\/product_brand?post=10299"},{"taxonomy":"product_cat","embeddable":true,"href":"https:\/\/capacitacionhospitaldechillan.cl\/home\/wp-json\/wp\/v2\/product_cat?post=10299"},{"taxonomy":"product_tag","embeddable":true,"href":"https:\/\/capacitacionhospitaldechillan.cl\/home\/wp-json\/wp\/v2\/product_tag?post=10299"}],"curies":[{"name":"wp","href":"https:\/\/api.w.org\/{rel}","templated":true}]}}